{"id":23,"date":"2021-05-09T10:33:15","date_gmt":"2021-05-09T10:33:15","guid":{"rendered":"https:\/\/temtapetes.com.br\/2021\/?page_id=23"},"modified":"2021-06-18T14:27:20","modified_gmt":"2021-06-18T14:27:20","slug":"tapetes-sanitizantes","status":"publish","type":"page","link":"https:\/\/temtapetes.com.br\/2021\/tapetes-sanitizantes\/","title":{"rendered":"Tapetes Sanitizantes"},"content":{"rendered":"\t\t<div data-elementor-type=\"wp-page\" data-elementor-id=\"23\" class=\"elementor elementor-23\">\n\t\t\t\t\t\t<section class=\"elementor-section elementor-top-section elementor-element elementor-element-bbc5ec7 elementor-section-boxed elementor-section-height-default elementor-section-height-default\" data-id=\"bbc5ec7\" data-element_type=\"section\">\n\t\t\t\t\t\t<div class=\"elementor-container elementor-column-gap-default\">\n\t\t\t\t\t<div class=\"elementor-column elementor-col-100 elementor-top-column elementor-element elementor-element-6e53bf3\" data-id=\"6e53bf3\" data-element_type=\"column\">\n\t\t\t<div class=\"elementor-widget-wrap elementor-element-populated\">\n\t\t\t\t\t\t<div class=\"elementor-element elementor-element-4e4b1d3 elementor-widget elementor-widget-heading\" data-id=\"4e4b1d3\" data-element_type=\"widget\" data-widget_type=\"heading.default\">\n\t\t\t\t<div class=\"elementor-widget-container\">\n\t\t\t\t\t<h3 class=\"elementor-heading-title elementor-size-default\">TAPETES SANITIZANTES<\/h3>\t\t\t\t<\/div>\n\t\t\t\t<\/div>\n\t\t\t\t<div class=\"elementor-element elementor-element-d52d5fe elementor-widget-divider--view-line elementor-widget elementor-widget-divider\" data-id=\"d52d5fe\" data-element_type=\"widget\" data-widget_type=\"divider.default\">\n\t\t\t\t<div class=\"elementor-widget-container\">\n\t\t\t\t\t\t\t<div class=\"elementor-divider\">\n\t\t\t<span class=\"elementor-divider-separator\">\n\t\t\t\t\t\t<\/span>\n\t\t<\/div>\n\t\t\t\t\t\t<\/div>\n\t\t\t\t<\/div>\n\t\t\t\t\t<\/div>\n\t\t<\/div>\n\t\t\t\t\t<\/div>\n\t\t<\/section>\n\t\t\t\t<section class=\"elementor-section elementor-top-section elementor-element elementor-element-fd3ead7 elementor-section-full_width elementor-section-height-default elementor-section-height-default\" data-id=\"fd3ead7\" data-element_type=\"section\" data-settings=\"{&quot;sticky&quot;:&quot;top&quot;,&quot;sticky_on&quot;:[&quot;desktop&quot;,&quot;tablet&quot;,&quot;mobile&quot;],&quot;sticky_offset&quot;:0,&quot;sticky_effects_offset&quot;:0}\">\n\t\t\t\t\t\t<div class=\"elementor-container elementor-column-gap-no\">\n\t\t\t\t\t<div class=\"elementor-column elementor-col-33 elementor-top-column elementor-element elementor-element-f0ac0b0\" data-id=\"f0ac0b0\" data-element_type=\"column\">\n\t\t\t<div class=\"elementor-widget-wrap elementor-element-populated\">\n\t\t\t\t\t\t<div class=\"elementor-element elementor-element-71e8ccf elementor-widget elementor-widget-image\" data-id=\"71e8ccf\" data-element_type=\"widget\" data-widget_type=\"image.default\">\n\t\t\t\t<div class=\"elementor-widget-container\">\n\t\t\t\t\t\t\t\t\t\t\t\t\t\t\t\t<a href=\"https:\/\/api.whatsapp.com\/send?phone=+5521968503721\">\n\t\t\t\t\t\t\t<img decoding=\"async\" width=\"102\" height=\"105\" src=\"https:\/\/temtapetes.com.br\/2021\/wp-content\/uploads\/2021\/06\/whatsapp-1.gif\" class=\"attachment-large size-large wp-image-878\" alt=\"\" \/>\t\t\t\t\t\t\t\t<\/a>\n\t\t\t\t\t\t\t\t\t\t\t\t\t\t\t<\/div>\n\t\t\t\t<\/div>\n\t\t\t\t\t<\/div>\n\t\t<\/div>\n\t\t\t\t<div class=\"elementor-column elementor-col-33 elementor-top-column elementor-element elementor-element-9eab5a3\" data-id=\"9eab5a3\" data-element_type=\"column\">\n\t\t\t<div class=\"elementor-widget-wrap elementor-element-populated\">\n\t\t\t\t\t\t<div class=\"elementor-element elementor-element-458ceb5 elementor-align-left elementor-widget elementor-widget-button\" data-id=\"458ceb5\" data-element_type=\"widget\" data-widget_type=\"button.default\">\n\t\t\t\t<div class=\"elementor-widget-container\">\n\t\t\t\t\t\t\t\t\t<div class=\"elementor-button-wrapper\">\n\t\t\t\t\t<a class=\"elementor-button elementor-button-link elementor-size-sm\" href=\"https:\/\/api.whatsapp.com\/send?phone=+5521968503721\">\n\t\t\t\t\t\t<span class=\"elementor-button-content-wrapper\">\n\t\t\t\t\t\t\t\t\t<span class=\"elementor-button-text\">Me Chama Aqui!!<\/span>\n\t\t\t\t\t<\/span>\n\t\t\t\t\t<\/a>\n\t\t\t\t<\/div>\n\t\t\t\t\t\t\t\t<\/div>\n\t\t\t\t<\/div>\n\t\t\t\t\t<\/div>\n\t\t<\/div>\n\t\t\t\t<div class=\"elementor-column elementor-col-33 elementor-top-column elementor-element elementor-element-b6496cd\" data-id=\"b6496cd\" data-element_type=\"column\">\n\t\t\t<div class=\"elementor-widget-wrap\">\n\t\t\t\t\t\t\t<\/div>\n\t\t<\/div>\n\t\t\t\t\t<\/div>\n\t\t<\/section>\n\t\t\t\t<section class=\"elementor-section elementor-top-section elementor-element elementor-element-4c585d9 elementor-section-boxed elementor-section-height-default elementor-section-height-default\" data-id=\"4c585d9\" data-element_type=\"section\">\n\t\t\t\t\t\t<div class=\"elementor-container elementor-column-gap-default\">\n\t\t\t\t\t<div class=\"elementor-column elementor-col-100 elementor-top-column elementor-element elementor-element-5c4f5bd\" data-id=\"5c4f5bd\" data-element_type=\"column\">\n\t\t\t<div class=\"elementor-widget-wrap elementor-element-populated\">\n\t\t\t\t\t\t<div class=\"elementor-element elementor-element-53211c8 elementor-widget elementor-widget-gallery\" data-id=\"53211c8\" data-element_type=\"widget\" data-settings=\"{&quot;background_overlay_hover_animation&quot;:&quot;enter-from-right&quot;,&quot;lazyload&quot;:&quot;yes&quot;,&quot;gallery_layout&quot;:&quot;grid&quot;,&quot;columns&quot;:4,&quot;columns_tablet&quot;:2,&quot;columns_mobile&quot;:1,&quot;gap&quot;:{&quot;unit&quot;:&quot;px&quot;,&quot;size&quot;:10,&quot;sizes&quot;:[]},&quot;gap_tablet&quot;:{&quot;unit&quot;:&quot;px&quot;,&quot;size&quot;:10,&quot;sizes&quot;:[]},&quot;gap_mobile&quot;:{&quot;unit&quot;:&quot;px&quot;,&quot;size&quot;:10,&quot;sizes&quot;:[]},&quot;link_to&quot;:&quot;file&quot;,&quot;aspect_ratio&quot;:&quot;3:2&quot;,&quot;overlay_background&quot;:&quot;yes&quot;,&quot;content_hover_animation&quot;:&quot;fade-in&quot;}\" data-widget_type=\"gallery.default\">\n\t\t\t\t<div class=\"elementor-widget-container\">\n\t\t\t\t\t\t\t<div class=\"elementor-gallery__container\">\n\t\t\t\t\t\t\t<a class=\"e-gallery-item elementor-gallery-item elementor-animated-content\" href=\"https:\/\/temtapetes.com.br\/2021\/wp-content\/uploads\/2021\/06\/tapete-sanitizante-1.png\" data-elementor-open-lightbox=\"yes\" data-elementor-lightbox-slideshow=\"all-53211c8\" data-elementor-lightbox-title=\"tapete sanitizante 1\" data-e-action-hash=\"#elementor-action%3Aaction%3Dlightbox%26settings%3DeyJpZCI6MTMyNSwidXJsIjoiaHR0cHM6XC9cL3RlbXRhcGV0ZXMuY29tLmJyXC8yMDIxXC93cC1jb250ZW50XC91cGxvYWRzXC8yMDIxXC8wNlwvdGFwZXRlLXNhbml0aXphbnRlLTEucG5nIiwic2xpZGVzaG93IjoiYWxsLTUzMjExYzgifQ%3D%3D\">\n\t\t\t\t\t<div class=\"e-gallery-image elementor-gallery-item__image\" data-thumbnail=\"https:\/\/temtapetes.com.br\/2021\/wp-content\/uploads\/2021\/06\/tapete-sanitizante-1-300x200.png\" data-width=\"300\" data-height=\"200\" alt=\"\" ><\/div>\n\t\t\t\t\t\t\t\t\t\t<div class=\"elementor-gallery-item__overlay\"><\/div>\n\t\t\t\t\t\t\t\t\t\t\t\t\t\t<\/a>\n\t\t\t\t\t\t\t<a class=\"e-gallery-item elementor-gallery-item elementor-animated-content\" href=\"https:\/\/temtapetes.com.br\/2021\/wp-content\/uploads\/2021\/06\/tapete-sanitizante-2.png\" data-elementor-open-lightbox=\"yes\" data-elementor-lightbox-slideshow=\"all-53211c8\" data-elementor-lightbox-title=\"tapete sanitizante 2\" data-e-action-hash=\"#elementor-action%3Aaction%3Dlightbox%26settings%3DeyJpZCI6MTMyNiwidXJsIjoiaHR0cHM6XC9cL3RlbXRhcGV0ZXMuY29tLmJyXC8yMDIxXC93cC1jb250ZW50XC91cGxvYWRzXC8yMDIxXC8wNlwvdGFwZXRlLXNhbml0aXphbnRlLTIucG5nIiwic2xpZGVzaG93IjoiYWxsLTUzMjExYzgifQ%3D%3D\">\n\t\t\t\t\t<div class=\"e-gallery-image elementor-gallery-item__image\" data-thumbnail=\"https:\/\/temtapetes.com.br\/2021\/wp-content\/uploads\/2021\/06\/tapete-sanitizante-2-300x200.png\" data-width=\"300\" data-height=\"200\" alt=\"\" ><\/div>\n\t\t\t\t\t\t\t\t\t\t<div class=\"elementor-gallery-item__overlay\"><\/div>\n\t\t\t\t\t\t\t\t\t\t\t\t\t\t<\/a>\n\t\t\t\t\t\t\t<a class=\"e-gallery-item elementor-gallery-item elementor-animated-content\" href=\"https:\/\/temtapetes.com.br\/2021\/wp-content\/uploads\/2021\/06\/tapete-sanitizante-3.png\" data-elementor-open-lightbox=\"yes\" data-elementor-lightbox-slideshow=\"all-53211c8\" data-elementor-lightbox-title=\"tapete sanitizante 3\" data-e-action-hash=\"#elementor-action%3Aaction%3Dlightbox%26settings%3DeyJpZCI6MTMyNywidXJsIjoiaHR0cHM6XC9cL3RlbXRhcGV0ZXMuY29tLmJyXC8yMDIxXC93cC1jb250ZW50XC91cGxvYWRzXC8yMDIxXC8wNlwvdGFwZXRlLXNhbml0aXphbnRlLTMucG5nIiwic2xpZGVzaG93IjoiYWxsLTUzMjExYzgifQ%3D%3D\">\n\t\t\t\t\t<div class=\"e-gallery-image elementor-gallery-item__image\" data-thumbnail=\"https:\/\/temtapetes.com.br\/2021\/wp-content\/uploads\/2021\/06\/tapete-sanitizante-3-300x200.png\" data-width=\"300\" data-height=\"200\" alt=\"\" ><\/div>\n\t\t\t\t\t\t\t\t\t\t<div class=\"elementor-gallery-item__overlay\"><\/div>\n\t\t\t\t\t\t\t\t\t\t\t\t\t\t<\/a>\n\t\t\t\t\t\t\t<a class=\"e-gallery-item elementor-gallery-item elementor-animated-content\" href=\"https:\/\/temtapetes.com.br\/2021\/wp-content\/uploads\/2021\/06\/tapete-sanitizante-4.png\" data-elementor-open-lightbox=\"yes\" data-elementor-lightbox-slideshow=\"all-53211c8\" data-elementor-lightbox-title=\"tapete sanitizante 4\" data-e-action-hash=\"#elementor-action%3Aaction%3Dlightbox%26settings%3DeyJpZCI6MTMyOCwidXJsIjoiaHR0cHM6XC9cL3RlbXRhcGV0ZXMuY29tLmJyXC8yMDIxXC93cC1jb250ZW50XC91cGxvYWRzXC8yMDIxXC8wNlwvdGFwZXRlLXNhbml0aXphbnRlLTQucG5nIiwic2xpZGVzaG93IjoiYWxsLTUzMjExYzgifQ%3D%3D\">\n\t\t\t\t\t<div class=\"e-gallery-image elementor-gallery-item__image\" data-thumbnail=\"https:\/\/temtapetes.com.br\/2021\/wp-content\/uploads\/2021\/06\/tapete-sanitizante-4-300x200.png\" data-width=\"300\" data-height=\"200\" alt=\"\" ><\/div>\n\t\t\t\t\t\t\t\t\t\t<div class=\"elementor-gallery-item__overlay\"><\/div>\n\t\t\t\t\t\t\t\t\t\t\t\t\t\t<\/a>\n\t\t\t\t\t<\/div>\n\t\t\t\t\t<\/div>\n\t\t\t\t<\/div>\n\t\t\t\t\t<\/div>\n\t\t<\/div>\n\t\t\t\t\t<\/div>\n\t\t<\/section>\n\t\t\t\t<section class=\"elementor-section elementor-top-section elementor-element elementor-element-3760775 elementor-section-boxed elementor-section-height-default elementor-section-height-default\" data-id=\"3760775\" data-element_type=\"section\">\n\t\t\t\t\t\t<div class=\"elementor-container elementor-column-gap-default\">\n\t\t\t\t\t<div class=\"elementor-column elementor-col-33 elementor-top-column elementor-element elementor-element-4b08c16\" data-id=\"4b08c16\" data-element_type=\"column\">\n\t\t\t<div class=\"elementor-widget-wrap elementor-element-populated\">\n\t\t\t\t\t\t<div class=\"elementor-element elementor-element-45037a7 elementor-widget elementor-widget-text-editor\" data-id=\"45037a7\" data-element_type=\"widget\" data-widget_type=\"text-editor.default\">\n\t\t\t\t<div class=\"elementor-widget-container\">\n\t\t\t\t\t\t\t\t\t<p>O mundo hoje vive tempos dif\u00edceis em meio a pandemia do novo coronav\u00edrus que tanto nos assusta.<\/p><p>Pensando nisso a Tem Tapetes ajudou no incentivo a conter a covid-19 com os novos tapetes higienizadores sanitizantes.<\/p><p>Tapetes que higienizam a sola dos sapatos antes de voc\u00ea entrar em qualque estabelecimento ou at\u00e9 mesmo na sua casa.<\/p><p>Com os tapetes sanitizantes pedil\u00favio voc\u00ea elimina v\u00edrus e bacterias da sola dos sapatos na entrada da sua loja ou condom\u00ednios limpando e higienizando a sola dos sapatos com uma simples solu\u00e7\u00e3o de \u00e1gua + \u00e1gua sanit\u00e1ria.<\/p><p>Simples e eficais, s\u00f3 a tem tapetes para te ajudar e ajudar a todos no combate a covid-19 e na elimina\u00e7\u00e3o de v\u00edrus e bact\u00e9rias,<br \/>deixando sua empresa mais limpa e livre de sujeiras trazidas pelos sapatos.<\/p><p>S\u00e3o tapetes emborrachados em fibra de vinil super resistentes e com borda vedante para conten\u00e7\u00e3o do l\u00edquido de higieniza\u00e7\u00e3o.<\/p><p>TAPETE SANITIZANTE TEM TAPETES, VOC\u00ca PISA E ELE HIGIENIZA.<\/p>\t\t\t\t\t\t\t\t<\/div>\n\t\t\t\t<\/div>\n\t\t\t\t\t<\/div>\n\t\t<\/div>\n\t\t\t\t<div class=\"elementor-column elementor-col-33 elementor-top-column elementor-element elementor-element-4d785d8\" data-id=\"4d785d8\" data-element_type=\"column\">\n\t\t\t<div class=\"elementor-widget-wrap elementor-element-populated\">\n\t\t\t\t\t\t<div class=\"elementor-element elementor-element-3afedb1 elementor-widget elementor-widget-video\" data-id=\"3afedb1\" data-element_type=\"widget\" data-settings=\"{&quot;video_type&quot;:&quot;hosted&quot;,&quot;autoplay&quot;:&quot;yes&quot;,&quot;mute&quot;:&quot;yes&quot;,&quot;controls&quot;:&quot;yes&quot;}\" data-widget_type=\"video.default\">\n\t\t\t\t<div class=\"elementor-widget-container\">\n\t\t\t\t\t\t\t<div class=\"e-hosted-video elementor-wrapper elementor-open-inline\">\n\t\t\t\t\t<video class=\"elementor-video\" src=\"https:\/\/temtapetes.com.br\/2021\/wp-content\/uploads\/2021\/06\/tapete-sanitizante.mp4\" autoplay=\"\" controls=\"\" muted=\"muted\" controlsList=\"nodownload\"><\/video>\n\t\t\t\t<\/div>\n\t\t\t\t\t\t<\/div>\n\t\t\t\t<\/div>\n\t\t\t\t\t<\/div>\n\t\t<\/div>\n\t\t\t\t<div class=\"elementor-column elementor-col-33 elementor-top-column elementor-element elementor-element-b97a5b3\" data-id=\"b97a5b3\" data-element_type=\"column\">\n\t\t\t<div class=\"elementor-widget-wrap\">\n\t\t\t\t\t\t\t<\/div>\n\t\t<\/div>\n\t\t\t\t\t<\/div>\n\t\t<\/section>\n\t\t\t\t<section class=\"elementor-section elementor-top-section elementor-element elementor-element-a8829ff elementor-section-boxed elementor-section-height-default elementor-section-height-default\" data-id=\"a8829ff\" data-element_type=\"section\">\n\t\t\t\t\t\t<div class=\"elementor-container elementor-column-gap-default\">\n\t\t\t\t\t<div class=\"elementor-column elementor-col-50 elementor-top-column elementor-element elementor-element-07faa8f\" data-id=\"07faa8f\" data-element_type=\"column\">\n\t\t\t<div class=\"elementor-widget-wrap\">\n\t\t\t\t\t\t\t<\/div>\n\t\t<\/div>\n\t\t\t\t<div class=\"elementor-column elementor-col-50 elementor-top-column elementor-element elementor-element-e60de09\" data-id=\"e60de09\" data-element_type=\"column\">\n\t\t\t<div class=\"elementor-widget-wrap\">\n\t\t\t\t\t\t\t<\/div>\n\t\t<\/div>\n\t\t\t\t\t<\/div>\n\t\t<\/section>\n\t\t\t\t<\/div>\n\t\t","protected":false},"excerpt":{"rendered":"<p>TAPETES SANITIZANTES Me Chama Aqui!! O mundo hoje vive tempos dif\u00edceis em meio a pandemia do novo coronav\u00edrus que tanto nos assusta. Pensando nisso a Tem Tapetes ajudou no incentivo a conter a covid-19 com os novos tapetes higienizadores sanitizantes. Tapetes que higienizam a sola dos sapatos antes de voc\u00ea entrar em qualque estabelecimento ou [&hellip;]<\/p>\n","protected":false},"author":2,"featured_media":0,"parent":0,"menu_order":0,"comment_status":"closed","ping_status":"closed","template":"","meta":{"footnotes":""},"class_list":["post-23","page","type-page","status-publish","hentry"],"_links":{"self":[{"href":"https:\/\/temtapetes.com.br\/2021\/wp-json\/wp\/v2\/pages\/23","targetHints":{"allow":["GET"]}}],"collection":[{"href":"https:\/\/temtapetes.com.br\/2021\/wp-json\/wp\/v2\/pages"}],"about":[{"href":"https:\/\/temtapetes.com.br\/2021\/wp-json\/wp\/v2\/types\/page"}],"author":[{"embeddable":true,"href":"https:\/\/temtapetes.com.br\/2021\/wp-json\/wp\/v2\/users\/2"}],"replies":[{"embeddable":true,"href":"https:\/\/temtapetes.com.br\/2021\/wp-json\/wp\/v2\/comments?post=23"}],"version-history":[{"count":58,"href":"https:\/\/temtapetes.com.br\/2021\/wp-json\/wp\/v2\/pages\/23\/revisions"}],"predecessor-version":[{"id":1702,"href":"https:\/\/temtapetes.com.br\/2021\/wp-json\/wp\/v2\/pages\/23\/revisions\/1702"}],"wp:attachment":[{"href":"https:\/\/temtapetes.com.br\/2021\/wp-json\/wp\/v2\/media?parent=23"}],"curies":[{"name":"wp","href":"https:\/\/api.w.org\/{rel}","templated":true}]}}