{"id":398,"date":"2021-06-03T15:41:03","date_gmt":"2021-06-03T15:41:03","guid":{"rendered":"https:\/\/temtapetes.com.br\/2021\/?page_id=398"},"modified":"2021-06-18T14:21:33","modified_gmt":"2021-06-18T14:21:33","slug":"capachos-personalizados","status":"publish","type":"page","link":"https:\/\/temtapetes.com.br\/2021\/capachos-personalizados\/","title":{"rendered":"Capachos Personalizados"},"content":{"rendered":"\t\t<div data-elementor-type=\"wp-page\" data-elementor-id=\"398\" class=\"elementor elementor-398\">\n\t\t\t\t\t\t<section class=\"elementor-section elementor-top-section elementor-element elementor-element-7696d59 elementor-section-boxed elementor-section-height-default elementor-section-height-default\" data-id=\"7696d59\" data-element_type=\"section\">\n\t\t\t\t\t\t<div class=\"elementor-container elementor-column-gap-default\">\n\t\t\t\t\t<div class=\"elementor-column elementor-col-100 elementor-top-column elementor-element elementor-element-8492449\" data-id=\"8492449\" data-element_type=\"column\">\n\t\t\t<div class=\"elementor-widget-wrap elementor-element-populated\">\n\t\t\t\t\t\t<div class=\"elementor-element elementor-element-0dfc1dd elementor-widget elementor-widget-heading\" data-id=\"0dfc1dd\" data-element_type=\"widget\" data-widget_type=\"heading.default\">\n\t\t\t\t<div class=\"elementor-widget-container\">\n\t\t\t\t\t<h3 class=\"elementor-heading-title elementor-size-default\">CAPACHOS PERSONALIZADOS<\/h3>\t\t\t\t<\/div>\n\t\t\t\t<\/div>\n\t\t\t\t<div class=\"elementor-element elementor-element-a0afcc5 elementor-widget-divider--view-line elementor-widget elementor-widget-divider\" data-id=\"a0afcc5\" data-element_type=\"widget\" data-widget_type=\"divider.default\">\n\t\t\t\t<div class=\"elementor-widget-container\">\n\t\t\t\t\t\t\t<div class=\"elementor-divider\">\n\t\t\t<span class=\"elementor-divider-separator\">\n\t\t\t\t\t\t<\/span>\n\t\t<\/div>\n\t\t\t\t\t\t<\/div>\n\t\t\t\t<\/div>\n\t\t\t\t\t<\/div>\n\t\t<\/div>\n\t\t\t\t\t<\/div>\n\t\t<\/section>\n\t\t\t\t<section class=\"elementor-section elementor-top-section elementor-element elementor-element-86442a2 elementor-section-full_width elementor-section-height-default elementor-section-height-default\" data-id=\"86442a2\" data-element_type=\"section\" data-settings=\"{&quot;sticky&quot;:&quot;top&quot;,&quot;sticky_on&quot;:[&quot;desktop&quot;,&quot;tablet&quot;,&quot;mobile&quot;],&quot;sticky_offset&quot;:0,&quot;sticky_effects_offset&quot;:0}\">\n\t\t\t\t\t\t<div class=\"elementor-container elementor-column-gap-no\">\n\t\t\t\t\t<div class=\"elementor-column elementor-col-33 elementor-top-column elementor-element elementor-element-7b7fe07\" data-id=\"7b7fe07\" data-element_type=\"column\">\n\t\t\t<div class=\"elementor-widget-wrap elementor-element-populated\">\n\t\t\t\t\t\t<div class=\"elementor-element elementor-element-c4f3547 elementor-widget elementor-widget-image\" data-id=\"c4f3547\" data-element_type=\"widget\" data-widget_type=\"image.default\">\n\t\t\t\t<div class=\"elementor-widget-container\">\n\t\t\t\t\t\t\t\t\t\t\t\t\t\t\t\t<a href=\"https:\/\/api.whatsapp.com\/send?phone=+5521968503721\">\n\t\t\t\t\t\t\t<img decoding=\"async\" width=\"102\" height=\"105\" src=\"https:\/\/temtapetes.com.br\/2021\/wp-content\/uploads\/2021\/06\/whatsapp-1.gif\" class=\"attachment-large size-large wp-image-878\" alt=\"\" \/>\t\t\t\t\t\t\t\t<\/a>\n\t\t\t\t\t\t\t\t\t\t\t\t\t\t\t<\/div>\n\t\t\t\t<\/div>\n\t\t\t\t\t<\/div>\n\t\t<\/div>\n\t\t\t\t<div class=\"elementor-column elementor-col-33 elementor-top-column elementor-element elementor-element-10d3435\" data-id=\"10d3435\" data-element_type=\"column\">\n\t\t\t<div class=\"elementor-widget-wrap elementor-element-populated\">\n\t\t\t\t\t\t<div class=\"elementor-element elementor-element-582d931 elementor-align-left elementor-widget elementor-widget-button\" data-id=\"582d931\" data-element_type=\"widget\" data-widget_type=\"button.default\">\n\t\t\t\t<div class=\"elementor-widget-container\">\n\t\t\t\t\t\t\t\t\t<div class=\"elementor-button-wrapper\">\n\t\t\t\t\t<a class=\"elementor-button elementor-button-link elementor-size-sm\" href=\"https:\/\/api.whatsapp.com\/send?phone=+5521968503721\">\n\t\t\t\t\t\t<span class=\"elementor-button-content-wrapper\">\n\t\t\t\t\t\t\t\t\t<span class=\"elementor-button-text\">Me Chama Aqui!!<\/span>\n\t\t\t\t\t<\/span>\n\t\t\t\t\t<\/a>\n\t\t\t\t<\/div>\n\t\t\t\t\t\t\t\t<\/div>\n\t\t\t\t<\/div>\n\t\t\t\t\t<\/div>\n\t\t<\/div>\n\t\t\t\t<div class=\"elementor-column elementor-col-33 elementor-top-column elementor-element elementor-element-d2aacb3\" data-id=\"d2aacb3\" data-element_type=\"column\">\n\t\t\t<div class=\"elementor-widget-wrap\">\n\t\t\t\t\t\t\t<\/div>\n\t\t<\/div>\n\t\t\t\t\t<\/div>\n\t\t<\/section>\n\t\t\t\t<section class=\"elementor-section elementor-top-section elementor-element elementor-element-d7ca87d elementor-section-boxed elementor-section-height-default elementor-section-height-default\" data-id=\"d7ca87d\" data-element_type=\"section\">\n\t\t\t\t\t\t<div class=\"elementor-container elementor-column-gap-default\">\n\t\t\t\t\t<div class=\"elementor-column elementor-col-100 elementor-top-column elementor-element elementor-element-d97d807\" data-id=\"d97d807\" data-element_type=\"column\">\n\t\t\t<div class=\"elementor-widget-wrap elementor-element-populated\">\n\t\t\t\t\t\t<div class=\"elementor-element elementor-element-3bd9d3b elementor-widget elementor-widget-gallery\" data-id=\"3bd9d3b\" data-element_type=\"widget\" data-settings=\"{&quot;background_overlay_hover_animation&quot;:&quot;enter-from-right&quot;,&quot;lazyload&quot;:&quot;yes&quot;,&quot;gallery_layout&quot;:&quot;grid&quot;,&quot;columns&quot;:4,&quot;columns_tablet&quot;:2,&quot;columns_mobile&quot;:1,&quot;gap&quot;:{&quot;unit&quot;:&quot;px&quot;,&quot;size&quot;:10,&quot;sizes&quot;:[]},&quot;gap_tablet&quot;:{&quot;unit&quot;:&quot;px&quot;,&quot;size&quot;:10,&quot;sizes&quot;:[]},&quot;gap_mobile&quot;:{&quot;unit&quot;:&quot;px&quot;,&quot;size&quot;:10,&quot;sizes&quot;:[]},&quot;link_to&quot;:&quot;file&quot;,&quot;aspect_ratio&quot;:&quot;3:2&quot;,&quot;overlay_background&quot;:&quot;yes&quot;,&quot;content_hover_animation&quot;:&quot;fade-in&quot;}\" data-widget_type=\"gallery.default\">\n\t\t\t\t<div class=\"elementor-widget-container\">\n\t\t\t\t\t\t\t<div class=\"elementor-gallery__container\">\n\t\t\t\t\t\t\t<a class=\"e-gallery-item elementor-gallery-item elementor-animated-content\" href=\"https:\/\/temtapetes.com.br\/2021\/wp-content\/uploads\/2021\/06\/capacho-personalizado-1.png\" data-elementor-open-lightbox=\"yes\" data-elementor-lightbox-slideshow=\"all-3bd9d3b\" data-elementor-lightbox-title=\"capacho personalizado 1\" data-e-action-hash=\"#elementor-action%3Aaction%3Dlightbox%26settings%3DeyJpZCI6MTI1NCwidXJsIjoiaHR0cHM6XC9cL3RlbXRhcGV0ZXMuY29tLmJyXC8yMDIxXC93cC1jb250ZW50XC91cGxvYWRzXC8yMDIxXC8wNlwvY2FwYWNoby1wZXJzb25hbGl6YWRvLTEucG5nIiwic2xpZGVzaG93IjoiYWxsLTNiZDlkM2IifQ%3D%3D\">\n\t\t\t\t\t<div class=\"e-gallery-image elementor-gallery-item__image\" data-thumbnail=\"https:\/\/temtapetes.com.br\/2021\/wp-content\/uploads\/2021\/06\/capacho-personalizado-1-300x200.png\" data-width=\"300\" data-height=\"200\" alt=\"\" ><\/div>\n\t\t\t\t\t\t\t\t\t\t<div class=\"elementor-gallery-item__overlay\"><\/div>\n\t\t\t\t\t\t\t\t\t\t\t\t\t\t<\/a>\n\t\t\t\t\t\t\t<a class=\"e-gallery-item elementor-gallery-item elementor-animated-content\" href=\"https:\/\/temtapetes.com.br\/2021\/wp-content\/uploads\/2021\/06\/capacho-personalizado-2.png\" data-elementor-open-lightbox=\"yes\" data-elementor-lightbox-slideshow=\"all-3bd9d3b\" data-elementor-lightbox-title=\"capacho personalizado 2\" data-e-action-hash=\"#elementor-action%3Aaction%3Dlightbox%26settings%3DeyJpZCI6MTI1NSwidXJsIjoiaHR0cHM6XC9cL3RlbXRhcGV0ZXMuY29tLmJyXC8yMDIxXC93cC1jb250ZW50XC91cGxvYWRzXC8yMDIxXC8wNlwvY2FwYWNoby1wZXJzb25hbGl6YWRvLTIucG5nIiwic2xpZGVzaG93IjoiYWxsLTNiZDlkM2IifQ%3D%3D\">\n\t\t\t\t\t<div class=\"e-gallery-image elementor-gallery-item__image\" data-thumbnail=\"https:\/\/temtapetes.com.br\/2021\/wp-content\/uploads\/2021\/06\/capacho-personalizado-2-300x200.png\" data-width=\"300\" data-height=\"200\" alt=\"\" ><\/div>\n\t\t\t\t\t\t\t\t\t\t<div class=\"elementor-gallery-item__overlay\"><\/div>\n\t\t\t\t\t\t\t\t\t\t\t\t\t\t<\/a>\n\t\t\t\t\t\t\t<a class=\"e-gallery-item elementor-gallery-item elementor-animated-content\" href=\"https:\/\/temtapetes.com.br\/2021\/wp-content\/uploads\/2021\/06\/capacho-personalizado-3.png\" data-elementor-open-lightbox=\"yes\" data-elementor-lightbox-slideshow=\"all-3bd9d3b\" data-elementor-lightbox-title=\"capacho personalizado 3\" data-e-action-hash=\"#elementor-action%3Aaction%3Dlightbox%26settings%3DeyJpZCI6MTI1NiwidXJsIjoiaHR0cHM6XC9cL3RlbXRhcGV0ZXMuY29tLmJyXC8yMDIxXC93cC1jb250ZW50XC91cGxvYWRzXC8yMDIxXC8wNlwvY2FwYWNoby1wZXJzb25hbGl6YWRvLTMucG5nIiwic2xpZGVzaG93IjoiYWxsLTNiZDlkM2IifQ%3D%3D\">\n\t\t\t\t\t<div class=\"e-gallery-image elementor-gallery-item__image\" data-thumbnail=\"https:\/\/temtapetes.com.br\/2021\/wp-content\/uploads\/2021\/06\/capacho-personalizado-3-300x200.png\" data-width=\"300\" data-height=\"200\" alt=\"\" ><\/div>\n\t\t\t\t\t\t\t\t\t\t<div class=\"elementor-gallery-item__overlay\"><\/div>\n\t\t\t\t\t\t\t\t\t\t\t\t\t\t<\/a>\n\t\t\t\t\t\t\t<a class=\"e-gallery-item elementor-gallery-item elementor-animated-content\" href=\"https:\/\/temtapetes.com.br\/2021\/wp-content\/uploads\/2021\/06\/capacho-personalizado-4.png\" data-elementor-open-lightbox=\"yes\" data-elementor-lightbox-slideshow=\"all-3bd9d3b\" data-elementor-lightbox-title=\"capacho personalizado 4\" data-e-action-hash=\"#elementor-action%3Aaction%3Dlightbox%26settings%3DeyJpZCI6MTI1NywidXJsIjoiaHR0cHM6XC9cL3RlbXRhcGV0ZXMuY29tLmJyXC8yMDIxXC93cC1jb250ZW50XC91cGxvYWRzXC8yMDIxXC8wNlwvY2FwYWNoby1wZXJzb25hbGl6YWRvLTQucG5nIiwic2xpZGVzaG93IjoiYWxsLTNiZDlkM2IifQ%3D%3D\">\n\t\t\t\t\t<div class=\"e-gallery-image elementor-gallery-item__image\" data-thumbnail=\"https:\/\/temtapetes.com.br\/2021\/wp-content\/uploads\/2021\/06\/capacho-personalizado-4-300x200.png\" data-width=\"300\" data-height=\"200\" alt=\"\" ><\/div>\n\t\t\t\t\t\t\t\t\t\t<div class=\"elementor-gallery-item__overlay\"><\/div>\n\t\t\t\t\t\t\t\t\t\t\t\t\t\t<\/a>\n\t\t\t\t\t\t\t<a class=\"e-gallery-item elementor-gallery-item elementor-animated-content\" href=\"https:\/\/temtapetes.com.br\/2021\/wp-content\/uploads\/2021\/06\/capacho-personalizado-5.png\" data-elementor-open-lightbox=\"yes\" data-elementor-lightbox-slideshow=\"all-3bd9d3b\" data-elementor-lightbox-title=\"capacho personalizado 5\" data-e-action-hash=\"#elementor-action%3Aaction%3Dlightbox%26settings%3DeyJpZCI6MTI1OCwidXJsIjoiaHR0cHM6XC9cL3RlbXRhcGV0ZXMuY29tLmJyXC8yMDIxXC93cC1jb250ZW50XC91cGxvYWRzXC8yMDIxXC8wNlwvY2FwYWNoby1wZXJzb25hbGl6YWRvLTUucG5nIiwic2xpZGVzaG93IjoiYWxsLTNiZDlkM2IifQ%3D%3D\">\n\t\t\t\t\t<div class=\"e-gallery-image elementor-gallery-item__image\" data-thumbnail=\"https:\/\/temtapetes.com.br\/2021\/wp-content\/uploads\/2021\/06\/capacho-personalizado-5-300x200.png\" data-width=\"300\" data-height=\"200\" alt=\"\" ><\/div>\n\t\t\t\t\t\t\t\t\t\t<div class=\"elementor-gallery-item__overlay\"><\/div>\n\t\t\t\t\t\t\t\t\t\t\t\t\t\t<\/a>\n\t\t\t\t\t\t\t<a class=\"e-gallery-item elementor-gallery-item elementor-animated-content\" href=\"https:\/\/temtapetes.com.br\/2021\/wp-content\/uploads\/2021\/06\/capacho-personalizado-6.png\" data-elementor-open-lightbox=\"yes\" data-elementor-lightbox-slideshow=\"all-3bd9d3b\" data-elementor-lightbox-title=\"capacho personalizado 6\" data-e-action-hash=\"#elementor-action%3Aaction%3Dlightbox%26settings%3DeyJpZCI6MTI1OSwidXJsIjoiaHR0cHM6XC9cL3RlbXRhcGV0ZXMuY29tLmJyXC8yMDIxXC93cC1jb250ZW50XC91cGxvYWRzXC8yMDIxXC8wNlwvY2FwYWNoby1wZXJzb25hbGl6YWRvLTYucG5nIiwic2xpZGVzaG93IjoiYWxsLTNiZDlkM2IifQ%3D%3D\">\n\t\t\t\t\t<div class=\"e-gallery-image elementor-gallery-item__image\" data-thumbnail=\"https:\/\/temtapetes.com.br\/2021\/wp-content\/uploads\/2021\/06\/capacho-personalizado-6-300x200.png\" data-width=\"300\" data-height=\"200\" alt=\"\" ><\/div>\n\t\t\t\t\t\t\t\t\t\t<div class=\"elementor-gallery-item__overlay\"><\/div>\n\t\t\t\t\t\t\t\t\t\t\t\t\t\t<\/a>\n\t\t\t\t\t<\/div>\n\t\t\t\t\t<\/div>\n\t\t\t\t<\/div>\n\t\t\t\t\t<\/div>\n\t\t<\/div>\n\t\t\t\t\t<\/div>\n\t\t<\/section>\n\t\t\t\t<section class=\"elementor-section elementor-top-section elementor-element elementor-element-60bf8eb elementor-section-boxed elementor-section-height-default elementor-section-height-default\" data-id=\"60bf8eb\" data-element_type=\"section\">\n\t\t\t\t\t\t<div class=\"elementor-container elementor-column-gap-default\">\n\t\t\t\t\t<div class=\"elementor-column elementor-col-100 elementor-top-column elementor-element elementor-element-7137c02\" data-id=\"7137c02\" data-element_type=\"column\">\n\t\t\t<div class=\"elementor-widget-wrap elementor-element-populated\">\n\t\t\t\t\t\t<div class=\"elementor-element elementor-element-1496de0 elementor-widget elementor-widget-text-editor\" data-id=\"1496de0\" data-element_type=\"widget\" data-widget_type=\"text-editor.default\">\n\t\t\t\t<div class=\"elementor-widget-container\">\n\t\t\t\t\t\t\t\t\tA Tem Tapetes produz linha de capachos personalizados para qualquer ambiente e ainda podendo colocar personaliza\u00e7\u00e3o como logomarca e nome.<br><br>\n\u00d3timo para limpeza dos cal\u00e7ados e com absor\u00e7\u00e3o de \u00e1gua os capachos personalizados deixam a entrada da sua casa, condom\u00ednio ou a entrada da sua empresa bem clean e moderna.<br><br>\n100% fibra de coco natural, com costado emborrachado e antiderrapante e espessura de 14mm os capachos personalizados fazem de qualquer ambiente um local bem aconchegante e acolhedor.\t\t\t\t\t\t\t\t<\/div>\n\t\t\t\t<\/div>\n\t\t\t\t\t<\/div>\n\t\t<\/div>\n\t\t\t\t\t<\/div>\n\t\t<\/section>\n\t\t\t\t<\/div>\n\t\t","protected":false},"excerpt":{"rendered":"<p>CAPACHOS PERSONALIZADOS Me Chama Aqui!! A Tem Tapetes produz linha de capachos personalizados para qualquer ambiente e ainda podendo colocar personaliza\u00e7\u00e3o como logomarca e nome. \u00d3timo para limpeza dos cal\u00e7ados e com absor\u00e7\u00e3o de \u00e1gua os capachos personalizados deixam a entrada da sua casa, condom\u00ednio ou a entrada da sua empresa bem clean e moderna. [&hellip;]<\/p>\n","protected":false},"author":1,"featured_media":0,"parent":0,"menu_order":0,"comment_status":"closed","ping_status":"closed","template":"","meta":{"footnotes":""},"class_list":["post-398","page","type-page","status-publish","hentry"],"_links":{"self":[{"href":"https:\/\/temtapetes.com.br\/2021\/wp-json\/wp\/v2\/pages\/398","targetHints":{"allow":["GET"]}}],"collection":[{"href":"https:\/\/temtapetes.com.br\/2021\/wp-json\/wp\/v2\/pages"}],"about":[{"href":"https:\/\/temtapetes.com.br\/2021\/wp-json\/wp\/v2\/types\/page"}],"author":[{"embeddable":true,"href":"https:\/\/temtapetes.com.br\/2021\/wp-json\/wp\/v2\/users\/1"}],"replies":[{"embeddable":true,"href":"https:\/\/temtapetes.com.br\/2021\/wp-json\/wp\/v2\/comments?post=398"}],"version-history":[{"count":40,"href":"https:\/\/temtapetes.com.br\/2021\/wp-json\/wp\/v2\/pages\/398\/revisions"}],"predecessor-version":[{"id":1609,"href":"https:\/\/temtapetes.com.br\/2021\/wp-json\/wp\/v2\/pages\/398\/revisions\/1609"}],"wp:attachment":[{"href":"https:\/\/temtapetes.com.br\/2021\/wp-json\/wp\/v2\/media?parent=398"}],"curies":[{"name":"wp","href":"https:\/\/api.w.org\/{rel}","templated":true}]}}