{"id":412,"date":"2021-06-03T15:44:02","date_gmt":"2021-06-03T15:44:02","guid":{"rendered":"https:\/\/temtapetes.com.br\/2021\/?page_id=412"},"modified":"2021-06-18T14:24:19","modified_gmt":"2021-06-18T14:24:19","slug":"tapete-piso-conectado","status":"publish","type":"page","link":"https:\/\/temtapetes.com.br\/2021\/tapete-piso-conectado\/","title":{"rendered":"Tapete piso conectado"},"content":{"rendered":"\t\t<div data-elementor-type=\"wp-page\" data-elementor-id=\"412\" class=\"elementor elementor-412\">\n\t\t\t\t\t\t<section class=\"elementor-section elementor-top-section elementor-element elementor-element-e9f9870 elementor-section-boxed elementor-section-height-default elementor-section-height-default\" data-id=\"e9f9870\" data-element_type=\"section\">\n\t\t\t\t\t\t<div class=\"elementor-container elementor-column-gap-default\">\n\t\t\t\t\t<div class=\"elementor-column elementor-col-100 elementor-top-column elementor-element elementor-element-8c595e7\" data-id=\"8c595e7\" data-element_type=\"column\">\n\t\t\t<div class=\"elementor-widget-wrap elementor-element-populated\">\n\t\t\t\t\t\t<div class=\"elementor-element elementor-element-f3ad712 elementor-widget elementor-widget-heading\" data-id=\"f3ad712\" data-element_type=\"widget\" data-widget_type=\"heading.default\">\n\t\t\t\t<div class=\"elementor-widget-container\">\n\t\t\t\t\t<h3 class=\"elementor-heading-title elementor-size-default\">TAPETE PISO CONECTADO<\/h3>\t\t\t\t<\/div>\n\t\t\t\t<\/div>\n\t\t\t\t<div class=\"elementor-element elementor-element-f711cd1 elementor-widget-divider--view-line elementor-widget elementor-widget-divider\" data-id=\"f711cd1\" data-element_type=\"widget\" data-widget_type=\"divider.default\">\n\t\t\t\t<div class=\"elementor-widget-container\">\n\t\t\t\t\t\t\t<div class=\"elementor-divider\">\n\t\t\t<span class=\"elementor-divider-separator\">\n\t\t\t\t\t\t<\/span>\n\t\t<\/div>\n\t\t\t\t\t\t<\/div>\n\t\t\t\t<\/div>\n\t\t\t\t\t<\/div>\n\t\t<\/div>\n\t\t\t\t\t<\/div>\n\t\t<\/section>\n\t\t\t\t<section class=\"elementor-section elementor-top-section elementor-element elementor-element-e77572b elementor-section-full_width elementor-section-height-default elementor-section-height-default\" data-id=\"e77572b\" data-element_type=\"section\" data-settings=\"{&quot;sticky&quot;:&quot;top&quot;,&quot;sticky_on&quot;:[&quot;desktop&quot;,&quot;tablet&quot;,&quot;mobile&quot;],&quot;sticky_offset&quot;:0,&quot;sticky_effects_offset&quot;:0}\">\n\t\t\t\t\t\t<div class=\"elementor-container elementor-column-gap-no\">\n\t\t\t\t\t<div class=\"elementor-column elementor-col-33 elementor-top-column elementor-element elementor-element-0638fae\" data-id=\"0638fae\" data-element_type=\"column\">\n\t\t\t<div class=\"elementor-widget-wrap elementor-element-populated\">\n\t\t\t\t\t\t<div class=\"elementor-element elementor-element-113bf5e elementor-widget elementor-widget-image\" data-id=\"113bf5e\" data-element_type=\"widget\" data-widget_type=\"image.default\">\n\t\t\t\t<div class=\"elementor-widget-container\">\n\t\t\t\t\t\t\t\t\t\t\t\t\t\t\t\t<a href=\"https:\/\/api.whatsapp.com\/send?phone=+5521968503721\">\n\t\t\t\t\t\t\t<img decoding=\"async\" width=\"102\" height=\"105\" src=\"https:\/\/temtapetes.com.br\/2021\/wp-content\/uploads\/2021\/06\/whatsapp-1.gif\" class=\"attachment-large size-large wp-image-878\" alt=\"\" \/>\t\t\t\t\t\t\t\t<\/a>\n\t\t\t\t\t\t\t\t\t\t\t\t\t\t\t<\/div>\n\t\t\t\t<\/div>\n\t\t\t\t\t<\/div>\n\t\t<\/div>\n\t\t\t\t<div class=\"elementor-column elementor-col-33 elementor-top-column elementor-element elementor-element-fbe527d\" data-id=\"fbe527d\" data-element_type=\"column\">\n\t\t\t<div class=\"elementor-widget-wrap elementor-element-populated\">\n\t\t\t\t\t\t<div class=\"elementor-element elementor-element-11f077f elementor-align-left elementor-widget elementor-widget-button\" data-id=\"11f077f\" data-element_type=\"widget\" data-widget_type=\"button.default\">\n\t\t\t\t<div class=\"elementor-widget-container\">\n\t\t\t\t\t\t\t\t\t<div class=\"elementor-button-wrapper\">\n\t\t\t\t\t<a class=\"elementor-button elementor-button-link elementor-size-sm\" href=\"https:\/\/api.whatsapp.com\/send?phone=+5521968503721\">\n\t\t\t\t\t\t<span class=\"elementor-button-content-wrapper\">\n\t\t\t\t\t\t\t\t\t<span class=\"elementor-button-text\">Me Chama Aqui!!<\/span>\n\t\t\t\t\t<\/span>\n\t\t\t\t\t<\/a>\n\t\t\t\t<\/div>\n\t\t\t\t\t\t\t\t<\/div>\n\t\t\t\t<\/div>\n\t\t\t\t\t<\/div>\n\t\t<\/div>\n\t\t\t\t<div class=\"elementor-column elementor-col-33 elementor-top-column elementor-element elementor-element-ce3dd04\" data-id=\"ce3dd04\" data-element_type=\"column\">\n\t\t\t<div class=\"elementor-widget-wrap\">\n\t\t\t\t\t\t\t<\/div>\n\t\t<\/div>\n\t\t\t\t\t<\/div>\n\t\t<\/section>\n\t\t\t\t<section class=\"elementor-section elementor-top-section elementor-element elementor-element-ace2eaa elementor-section-boxed elementor-section-height-default elementor-section-height-default\" data-id=\"ace2eaa\" data-element_type=\"section\">\n\t\t\t\t\t\t<div class=\"elementor-container elementor-column-gap-default\">\n\t\t\t\t\t<div class=\"elementor-column elementor-col-100 elementor-top-column elementor-element elementor-element-3add959\" data-id=\"3add959\" data-element_type=\"column\">\n\t\t\t<div class=\"elementor-widget-wrap elementor-element-populated\">\n\t\t\t\t\t\t<div class=\"elementor-element elementor-element-01b7cb2 elementor-widget elementor-widget-gallery\" data-id=\"01b7cb2\" data-element_type=\"widget\" data-settings=\"{&quot;background_overlay_hover_animation&quot;:&quot;enter-from-right&quot;,&quot;lazyload&quot;:&quot;yes&quot;,&quot;gallery_layout&quot;:&quot;grid&quot;,&quot;columns&quot;:4,&quot;columns_tablet&quot;:2,&quot;columns_mobile&quot;:1,&quot;gap&quot;:{&quot;unit&quot;:&quot;px&quot;,&quot;size&quot;:10,&quot;sizes&quot;:[]},&quot;gap_tablet&quot;:{&quot;unit&quot;:&quot;px&quot;,&quot;size&quot;:10,&quot;sizes&quot;:[]},&quot;gap_mobile&quot;:{&quot;unit&quot;:&quot;px&quot;,&quot;size&quot;:10,&quot;sizes&quot;:[]},&quot;link_to&quot;:&quot;file&quot;,&quot;aspect_ratio&quot;:&quot;3:2&quot;,&quot;overlay_background&quot;:&quot;yes&quot;,&quot;content_hover_animation&quot;:&quot;fade-in&quot;}\" data-widget_type=\"gallery.default\">\n\t\t\t\t<div class=\"elementor-widget-container\">\n\t\t\t\t\t\t\t<div class=\"elementor-gallery__container\">\n\t\t\t\t\t\t\t<a class=\"e-gallery-item elementor-gallery-item elementor-animated-content\" href=\"https:\/\/temtapetes.com.br\/2021\/wp-content\/uploads\/2021\/06\/piso-conectado-1.png\" data-elementor-open-lightbox=\"yes\" data-elementor-lightbox-slideshow=\"all-01b7cb2\" data-elementor-lightbox-title=\"piso conectado 1\" data-e-action-hash=\"#elementor-action%3Aaction%3Dlightbox%26settings%3DeyJpZCI6MTI4MSwidXJsIjoiaHR0cHM6XC9cL3RlbXRhcGV0ZXMuY29tLmJyXC8yMDIxXC93cC1jb250ZW50XC91cGxvYWRzXC8yMDIxXC8wNlwvcGlzby1jb25lY3RhZG8tMS5wbmciLCJzbGlkZXNob3ciOiJhbGwtMDFiN2NiMiJ9\">\n\t\t\t\t\t<div class=\"e-gallery-image elementor-gallery-item__image\" data-thumbnail=\"https:\/\/temtapetes.com.br\/2021\/wp-content\/uploads\/2021\/06\/piso-conectado-1-300x200.png\" data-width=\"300\" data-height=\"200\" alt=\"\" ><\/div>\n\t\t\t\t\t\t\t\t\t\t<div class=\"elementor-gallery-item__overlay\"><\/div>\n\t\t\t\t\t\t\t\t\t\t\t\t\t\t<\/a>\n\t\t\t\t\t\t\t<a class=\"e-gallery-item elementor-gallery-item elementor-animated-content\" href=\"https:\/\/temtapetes.com.br\/2021\/wp-content\/uploads\/2021\/06\/piso-conectado-2.png\" data-elementor-open-lightbox=\"yes\" data-elementor-lightbox-slideshow=\"all-01b7cb2\" data-elementor-lightbox-title=\"piso conectado 2\" data-e-action-hash=\"#elementor-action%3Aaction%3Dlightbox%26settings%3DeyJpZCI6MTI4MiwidXJsIjoiaHR0cHM6XC9cL3RlbXRhcGV0ZXMuY29tLmJyXC8yMDIxXC93cC1jb250ZW50XC91cGxvYWRzXC8yMDIxXC8wNlwvcGlzby1jb25lY3RhZG8tMi5wbmciLCJzbGlkZXNob3ciOiJhbGwtMDFiN2NiMiJ9\">\n\t\t\t\t\t<div class=\"e-gallery-image elementor-gallery-item__image\" data-thumbnail=\"https:\/\/temtapetes.com.br\/2021\/wp-content\/uploads\/2021\/06\/piso-conectado-2-300x200.png\" data-width=\"300\" data-height=\"200\" alt=\"\" ><\/div>\n\t\t\t\t\t\t\t\t\t\t<div class=\"elementor-gallery-item__overlay\"><\/div>\n\t\t\t\t\t\t\t\t\t\t\t\t\t\t<\/a>\n\t\t\t\t\t\t\t<a class=\"e-gallery-item elementor-gallery-item elementor-animated-content\" href=\"https:\/\/temtapetes.com.br\/2021\/wp-content\/uploads\/2021\/06\/piso-conectado-3.png\" data-elementor-open-lightbox=\"yes\" data-elementor-lightbox-slideshow=\"all-01b7cb2\" data-elementor-lightbox-title=\"piso conectado 3\" data-e-action-hash=\"#elementor-action%3Aaction%3Dlightbox%26settings%3DeyJpZCI6MTI4MywidXJsIjoiaHR0cHM6XC9cL3RlbXRhcGV0ZXMuY29tLmJyXC8yMDIxXC93cC1jb250ZW50XC91cGxvYWRzXC8yMDIxXC8wNlwvcGlzby1jb25lY3RhZG8tMy5wbmciLCJzbGlkZXNob3ciOiJhbGwtMDFiN2NiMiJ9\">\n\t\t\t\t\t<div class=\"e-gallery-image elementor-gallery-item__image\" data-thumbnail=\"https:\/\/temtapetes.com.br\/2021\/wp-content\/uploads\/2021\/06\/piso-conectado-3-300x200.png\" data-width=\"300\" data-height=\"200\" alt=\"\" ><\/div>\n\t\t\t\t\t\t\t\t\t\t<div class=\"elementor-gallery-item__overlay\"><\/div>\n\t\t\t\t\t\t\t\t\t\t\t\t\t\t<\/a>\n\t\t\t\t\t\t\t<a class=\"e-gallery-item elementor-gallery-item elementor-animated-content\" href=\"https:\/\/temtapetes.com.br\/2021\/wp-content\/uploads\/2021\/06\/piso-conectado-4.png\" data-elementor-open-lightbox=\"yes\" data-elementor-lightbox-slideshow=\"all-01b7cb2\" data-elementor-lightbox-title=\"piso conectado 4\" data-e-action-hash=\"#elementor-action%3Aaction%3Dlightbox%26settings%3DeyJpZCI6MTI4NCwidXJsIjoiaHR0cHM6XC9cL3RlbXRhcGV0ZXMuY29tLmJyXC8yMDIxXC93cC1jb250ZW50XC91cGxvYWRzXC8yMDIxXC8wNlwvcGlzby1jb25lY3RhZG8tNC5wbmciLCJzbGlkZXNob3ciOiJhbGwtMDFiN2NiMiJ9\">\n\t\t\t\t\t<div class=\"e-gallery-image elementor-gallery-item__image\" data-thumbnail=\"https:\/\/temtapetes.com.br\/2021\/wp-content\/uploads\/2021\/06\/piso-conectado-4-300x200.png\" data-width=\"300\" data-height=\"200\" alt=\"\" ><\/div>\n\t\t\t\t\t\t\t\t\t\t<div class=\"elementor-gallery-item__overlay\"><\/div>\n\t\t\t\t\t\t\t\t\t\t\t\t\t\t<\/a>\n\t\t\t\t\t<\/div>\n\t\t\t\t\t<\/div>\n\t\t\t\t<\/div>\n\t\t\t\t\t<\/div>\n\t\t<\/div>\n\t\t\t\t\t<\/div>\n\t\t<\/section>\n\t\t\t\t<section class=\"elementor-section elementor-top-section elementor-element elementor-element-2e1af5b elementor-section-boxed elementor-section-height-default elementor-section-height-default\" data-id=\"2e1af5b\" data-element_type=\"section\">\n\t\t\t\t\t\t<div class=\"elementor-container elementor-column-gap-default\">\n\t\t\t\t\t<div class=\"elementor-column elementor-col-100 elementor-top-column elementor-element elementor-element-69946b6\" data-id=\"69946b6\" data-element_type=\"column\">\n\t\t\t<div class=\"elementor-widget-wrap elementor-element-populated\">\n\t\t\t\t\t\t<div class=\"elementor-element elementor-element-0d22c49 elementor-widget elementor-widget-text-editor\" data-id=\"0d22c49\" data-element_type=\"widget\" data-widget_type=\"text-editor.default\">\n\t\t\t\t<div class=\"elementor-widget-container\">\n\t\t\t\t\t\t\t\t\tDespesas com manuten\u00e7\u00e3o e limpeza podem representar um custo operacional significativo para condom\u00ednios, shoppings e empreendimentos comerciais.<br><br>\nAo tapetes conectados Tem Tapetes \u00e9 super funcional e resistente, \u00e9 a melhor op\u00e7\u00e3o\npara sistemas de carpetes de entrada.<br><br>\nIdeal para entrada de shoppings, aeroportos, centros comerciais, hot\u00e9is entre outros.\t\t\t\t\t\t\t\t<\/div>\n\t\t\t\t<\/div>\n\t\t\t\t\t<\/div>\n\t\t<\/div>\n\t\t\t\t\t<\/div>\n\t\t<\/section>\n\t\t\t\t<\/div>\n\t\t","protected":false},"excerpt":{"rendered":"<p>TAPETE PISO CONECTADO Me Chama Aqui!! Despesas com manuten\u00e7\u00e3o e limpeza podem representar um custo operacional significativo para condom\u00ednios, shoppings e empreendimentos comerciais. Ao tapetes conectados Tem Tapetes \u00e9 super funcional e resistente, \u00e9 a melhor op\u00e7\u00e3o para sistemas de carpetes de entrada. Ideal para entrada de shoppings, aeroportos, centros comerciais, hot\u00e9is entre outros.<\/p>\n","protected":false},"author":1,"featured_media":0,"parent":0,"menu_order":0,"comment_status":"closed","ping_status":"closed","template":"","meta":{"footnotes":""},"class_list":["post-412","page","type-page","status-publish","hentry"],"_links":{"self":[{"href":"https:\/\/temtapetes.com.br\/2021\/wp-json\/wp\/v2\/pages\/412","targetHints":{"allow":["GET"]}}],"collection":[{"href":"https:\/\/temtapetes.com.br\/2021\/wp-json\/wp\/v2\/pages"}],"about":[{"href":"https:\/\/temtapetes.com.br\/2021\/wp-json\/wp\/v2\/types\/page"}],"author":[{"embeddable":true,"href":"https:\/\/temtapetes.com.br\/2021\/wp-json\/wp\/v2\/users\/1"}],"replies":[{"embeddable":true,"href":"https:\/\/temtapetes.com.br\/2021\/wp-json\/wp\/v2\/comments?post=412"}],"version-history":[{"count":16,"href":"https:\/\/temtapetes.com.br\/2021\/wp-json\/wp\/v2\/pages\/412\/revisions"}],"predecessor-version":[{"id":1645,"href":"https:\/\/temtapetes.com.br\/2021\/wp-json\/wp\/v2\/pages\/412\/revisions\/1645"}],"wp:attachment":[{"href":"https:\/\/temtapetes.com.br\/2021\/wp-json\/wp\/v2\/media?parent=412"}],"curies":[{"name":"wp","href":"https:\/\/api.w.org\/{rel}","templated":true}]}}