{"id":477,"date":"2021-06-04T13:48:30","date_gmt":"2021-06-04T13:48:30","guid":{"rendered":"https:\/\/temtapetes.com.br\/2021\/?page_id=477"},"modified":"2021-06-18T14:26:02","modified_gmt":"2021-06-18T14:26:02","slug":"tapetes-condominios","status":"publish","type":"page","link":"https:\/\/temtapetes.com.br\/2021\/tapetes-condominios\/","title":{"rendered":"Tapetes Condom\u00ednios"},"content":{"rendered":"\t\t<div data-elementor-type=\"wp-page\" data-elementor-id=\"477\" class=\"elementor elementor-477\">\n\t\t\t\t\t\t<section class=\"elementor-section elementor-top-section elementor-element elementor-element-53520c3 elementor-section-boxed elementor-section-height-default elementor-section-height-default\" data-id=\"53520c3\" data-element_type=\"section\">\n\t\t\t\t\t\t<div class=\"elementor-container elementor-column-gap-default\">\n\t\t\t\t\t<div class=\"elementor-column elementor-col-100 elementor-top-column elementor-element elementor-element-08337fe\" data-id=\"08337fe\" data-element_type=\"column\">\n\t\t\t<div class=\"elementor-widget-wrap elementor-element-populated\">\n\t\t\t\t\t\t<div class=\"elementor-element elementor-element-ba98e9c elementor-widget elementor-widget-heading\" data-id=\"ba98e9c\" data-element_type=\"widget\" data-widget_type=\"heading.default\">\n\t\t\t\t<div class=\"elementor-widget-container\">\n\t\t\t\t\t<h3 class=\"elementor-heading-title elementor-size-default\">TAPETES CONDOM\u00cdNIOS<\/h3>\t\t\t\t<\/div>\n\t\t\t\t<\/div>\n\t\t\t\t<div class=\"elementor-element elementor-element-deb07ed elementor-widget-divider--view-line elementor-widget elementor-widget-divider\" data-id=\"deb07ed\" data-element_type=\"widget\" data-widget_type=\"divider.default\">\n\t\t\t\t<div class=\"elementor-widget-container\">\n\t\t\t\t\t\t\t<div class=\"elementor-divider\">\n\t\t\t<span class=\"elementor-divider-separator\">\n\t\t\t\t\t\t<\/span>\n\t\t<\/div>\n\t\t\t\t\t\t<\/div>\n\t\t\t\t<\/div>\n\t\t\t\t\t<\/div>\n\t\t<\/div>\n\t\t\t\t\t<\/div>\n\t\t<\/section>\n\t\t\t\t<section class=\"elementor-section elementor-top-section elementor-element elementor-element-1c88b59 elementor-section-full_width elementor-section-height-default elementor-section-height-default\" data-id=\"1c88b59\" data-element_type=\"section\" data-settings=\"{&quot;sticky&quot;:&quot;top&quot;,&quot;sticky_on&quot;:[&quot;desktop&quot;,&quot;tablet&quot;,&quot;mobile&quot;],&quot;sticky_offset&quot;:0,&quot;sticky_effects_offset&quot;:0}\">\n\t\t\t\t\t\t<div class=\"elementor-container elementor-column-gap-no\">\n\t\t\t\t\t<div class=\"elementor-column elementor-col-33 elementor-top-column elementor-element elementor-element-9c42281\" data-id=\"9c42281\" data-element_type=\"column\">\n\t\t\t<div class=\"elementor-widget-wrap elementor-element-populated\">\n\t\t\t\t\t\t<div class=\"elementor-element elementor-element-fee794f elementor-widget elementor-widget-image\" data-id=\"fee794f\" data-element_type=\"widget\" data-widget_type=\"image.default\">\n\t\t\t\t<div class=\"elementor-widget-container\">\n\t\t\t\t\t\t\t\t\t\t\t\t\t\t\t\t<a href=\"https:\/\/api.whatsapp.com\/send?phone=+5521968503721\">\n\t\t\t\t\t\t\t<img decoding=\"async\" width=\"102\" height=\"105\" src=\"https:\/\/temtapetes.com.br\/2021\/wp-content\/uploads\/2021\/06\/whatsapp-1.gif\" class=\"attachment-large size-large wp-image-878\" alt=\"\" \/>\t\t\t\t\t\t\t\t<\/a>\n\t\t\t\t\t\t\t\t\t\t\t\t\t\t\t<\/div>\n\t\t\t\t<\/div>\n\t\t\t\t\t<\/div>\n\t\t<\/div>\n\t\t\t\t<div class=\"elementor-column elementor-col-33 elementor-top-column elementor-element elementor-element-366f1ea\" data-id=\"366f1ea\" data-element_type=\"column\">\n\t\t\t<div class=\"elementor-widget-wrap elementor-element-populated\">\n\t\t\t\t\t\t<div class=\"elementor-element elementor-element-a21cd0d elementor-align-left elementor-widget elementor-widget-button\" data-id=\"a21cd0d\" data-element_type=\"widget\" data-widget_type=\"button.default\">\n\t\t\t\t<div class=\"elementor-widget-container\">\n\t\t\t\t\t\t\t\t\t<div class=\"elementor-button-wrapper\">\n\t\t\t\t\t<a class=\"elementor-button elementor-button-link elementor-size-sm\" href=\"https:\/\/api.whatsapp.com\/send?phone=+5521968503721\">\n\t\t\t\t\t\t<span class=\"elementor-button-content-wrapper\">\n\t\t\t\t\t\t\t\t\t<span class=\"elementor-button-text\">Me Chama Aqui!!<\/span>\n\t\t\t\t\t<\/span>\n\t\t\t\t\t<\/a>\n\t\t\t\t<\/div>\n\t\t\t\t\t\t\t\t<\/div>\n\t\t\t\t<\/div>\n\t\t\t\t\t<\/div>\n\t\t<\/div>\n\t\t\t\t<div class=\"elementor-column elementor-col-33 elementor-top-column elementor-element elementor-element-e0fae8e\" data-id=\"e0fae8e\" data-element_type=\"column\">\n\t\t\t<div class=\"elementor-widget-wrap\">\n\t\t\t\t\t\t\t<\/div>\n\t\t<\/div>\n\t\t\t\t\t<\/div>\n\t\t<\/section>\n\t\t\t\t<section class=\"elementor-section elementor-top-section elementor-element elementor-element-f770a85 elementor-section-boxed elementor-section-height-default elementor-section-height-default\" data-id=\"f770a85\" data-element_type=\"section\">\n\t\t\t\t\t\t<div class=\"elementor-container elementor-column-gap-default\">\n\t\t\t\t\t<div class=\"elementor-column elementor-col-100 elementor-top-column elementor-element elementor-element-d62d644\" data-id=\"d62d644\" data-element_type=\"column\">\n\t\t\t<div class=\"elementor-widget-wrap elementor-element-populated\">\n\t\t\t\t\t\t<div class=\"elementor-element elementor-element-48f85cd elementor-widget elementor-widget-gallery\" data-id=\"48f85cd\" data-element_type=\"widget\" data-settings=\"{&quot;background_overlay_hover_animation&quot;:&quot;enter-from-right&quot;,&quot;lazyload&quot;:&quot;yes&quot;,&quot;gallery_layout&quot;:&quot;grid&quot;,&quot;columns&quot;:4,&quot;columns_tablet&quot;:2,&quot;columns_mobile&quot;:1,&quot;gap&quot;:{&quot;unit&quot;:&quot;px&quot;,&quot;size&quot;:10,&quot;sizes&quot;:[]},&quot;gap_tablet&quot;:{&quot;unit&quot;:&quot;px&quot;,&quot;size&quot;:10,&quot;sizes&quot;:[]},&quot;gap_mobile&quot;:{&quot;unit&quot;:&quot;px&quot;,&quot;size&quot;:10,&quot;sizes&quot;:[]},&quot;link_to&quot;:&quot;file&quot;,&quot;aspect_ratio&quot;:&quot;3:2&quot;,&quot;overlay_background&quot;:&quot;yes&quot;,&quot;content_hover_animation&quot;:&quot;fade-in&quot;}\" data-widget_type=\"gallery.default\">\n\t\t\t\t<div class=\"elementor-widget-container\">\n\t\t\t\t\t\t\t<div class=\"elementor-gallery__container\">\n\t\t\t\t\t\t\t<a class=\"e-gallery-item elementor-gallery-item elementor-animated-content\" href=\"https:\/\/temtapetes.com.br\/2021\/wp-content\/uploads\/2021\/06\/tapete-condominio-1.png\" data-elementor-open-lightbox=\"yes\" data-elementor-lightbox-slideshow=\"all-48f85cd\" data-elementor-lightbox-title=\"tapete condom\u00ednio 1\" data-e-action-hash=\"#elementor-action%3Aaction%3Dlightbox%26settings%3DeyJpZCI6MTM5OSwidXJsIjoiaHR0cHM6XC9cL3RlbXRhcGV0ZXMuY29tLmJyXC8yMDIxXC93cC1jb250ZW50XC91cGxvYWRzXC8yMDIxXC8wNlwvdGFwZXRlLWNvbmRvbWluaW8tMS5wbmciLCJzbGlkZXNob3ciOiJhbGwtNDhmODVjZCJ9\">\n\t\t\t\t\t<div class=\"e-gallery-image elementor-gallery-item__image\" data-thumbnail=\"https:\/\/temtapetes.com.br\/2021\/wp-content\/uploads\/2021\/06\/tapete-condominio-1-300x200.png\" data-width=\"300\" data-height=\"200\" alt=\"\" ><\/div>\n\t\t\t\t\t\t\t\t\t\t<div class=\"elementor-gallery-item__overlay\"><\/div>\n\t\t\t\t\t\t\t\t\t\t\t\t\t\t<\/a>\n\t\t\t\t\t\t\t<a class=\"e-gallery-item elementor-gallery-item elementor-animated-content\" href=\"https:\/\/temtapetes.com.br\/2021\/wp-content\/uploads\/2021\/06\/tapete-condominio-2-1.png\" data-elementor-open-lightbox=\"yes\" data-elementor-lightbox-slideshow=\"all-48f85cd\" data-elementor-lightbox-title=\"tapete condom\u00ednio 2\" data-e-action-hash=\"#elementor-action%3Aaction%3Dlightbox%26settings%3DeyJpZCI6MTQwMCwidXJsIjoiaHR0cHM6XC9cL3RlbXRhcGV0ZXMuY29tLmJyXC8yMDIxXC93cC1jb250ZW50XC91cGxvYWRzXC8yMDIxXC8wNlwvdGFwZXRlLWNvbmRvbWluaW8tMi0xLnBuZyIsInNsaWRlc2hvdyI6ImFsbC00OGY4NWNkIn0%3D\">\n\t\t\t\t\t<div class=\"e-gallery-image elementor-gallery-item__image\" data-thumbnail=\"https:\/\/temtapetes.com.br\/2021\/wp-content\/uploads\/2021\/06\/tapete-condominio-2-1-300x200.png\" data-width=\"300\" data-height=\"200\" alt=\"\" ><\/div>\n\t\t\t\t\t\t\t\t\t\t<div class=\"elementor-gallery-item__overlay\"><\/div>\n\t\t\t\t\t\t\t\t\t\t\t\t\t\t<\/a>\n\t\t\t\t\t\t\t<a class=\"e-gallery-item elementor-gallery-item elementor-animated-content\" href=\"https:\/\/temtapetes.com.br\/2021\/wp-content\/uploads\/2021\/06\/tapete-condominio-3-1.png\" data-elementor-open-lightbox=\"yes\" data-elementor-lightbox-slideshow=\"all-48f85cd\" data-elementor-lightbox-title=\"tapete condom\u00ednio 3\" data-e-action-hash=\"#elementor-action%3Aaction%3Dlightbox%26settings%3DeyJpZCI6MTQwMSwidXJsIjoiaHR0cHM6XC9cL3RlbXRhcGV0ZXMuY29tLmJyXC8yMDIxXC93cC1jb250ZW50XC91cGxvYWRzXC8yMDIxXC8wNlwvdGFwZXRlLWNvbmRvbWluaW8tMy0xLnBuZyIsInNsaWRlc2hvdyI6ImFsbC00OGY4NWNkIn0%3D\">\n\t\t\t\t\t<div class=\"e-gallery-image elementor-gallery-item__image\" data-thumbnail=\"https:\/\/temtapetes.com.br\/2021\/wp-content\/uploads\/2021\/06\/tapete-condominio-3-1-300x200.png\" data-width=\"300\" data-height=\"200\" alt=\"\" ><\/div>\n\t\t\t\t\t\t\t\t\t\t<div class=\"elementor-gallery-item__overlay\"><\/div>\n\t\t\t\t\t\t\t\t\t\t\t\t\t\t<\/a>\n\t\t\t\t\t\t\t<a class=\"e-gallery-item elementor-gallery-item elementor-animated-content\" href=\"https:\/\/temtapetes.com.br\/2021\/wp-content\/uploads\/2021\/06\/tapete-condominio-4.png\" data-elementor-open-lightbox=\"yes\" data-elementor-lightbox-slideshow=\"all-48f85cd\" data-elementor-lightbox-title=\"tapete condom\u00ednio 4\" data-e-action-hash=\"#elementor-action%3Aaction%3Dlightbox%26settings%3DeyJpZCI6MTQwMiwidXJsIjoiaHR0cHM6XC9cL3RlbXRhcGV0ZXMuY29tLmJyXC8yMDIxXC93cC1jb250ZW50XC91cGxvYWRzXC8yMDIxXC8wNlwvdGFwZXRlLWNvbmRvbWluaW8tNC5wbmciLCJzbGlkZXNob3ciOiJhbGwtNDhmODVjZCJ9\">\n\t\t\t\t\t<div class=\"e-gallery-image elementor-gallery-item__image\" data-thumbnail=\"https:\/\/temtapetes.com.br\/2021\/wp-content\/uploads\/2021\/06\/tapete-condominio-4-300x200.png\" data-width=\"300\" data-height=\"200\" alt=\"\" ><\/div>\n\t\t\t\t\t\t\t\t\t\t<div class=\"elementor-gallery-item__overlay\"><\/div>\n\t\t\t\t\t\t\t\t\t\t\t\t\t\t<\/a>\n\t\t\t\t\t\t\t<a class=\"e-gallery-item elementor-gallery-item elementor-animated-content\" href=\"https:\/\/temtapetes.com.br\/2021\/wp-content\/uploads\/2021\/06\/tapete-condominio-5.png\" data-elementor-open-lightbox=\"yes\" data-elementor-lightbox-slideshow=\"all-48f85cd\" data-elementor-lightbox-title=\"tapete condom\u00ednio 5\" data-e-action-hash=\"#elementor-action%3Aaction%3Dlightbox%26settings%3DeyJpZCI6MTQwMywidXJsIjoiaHR0cHM6XC9cL3RlbXRhcGV0ZXMuY29tLmJyXC8yMDIxXC93cC1jb250ZW50XC91cGxvYWRzXC8yMDIxXC8wNlwvdGFwZXRlLWNvbmRvbWluaW8tNS5wbmciLCJzbGlkZXNob3ciOiJhbGwtNDhmODVjZCJ9\">\n\t\t\t\t\t<div class=\"e-gallery-image elementor-gallery-item__image\" data-thumbnail=\"https:\/\/temtapetes.com.br\/2021\/wp-content\/uploads\/2021\/06\/tapete-condominio-5-300x200.png\" data-width=\"300\" data-height=\"200\" alt=\"\" ><\/div>\n\t\t\t\t\t\t\t\t\t\t<div class=\"elementor-gallery-item__overlay\"><\/div>\n\t\t\t\t\t\t\t\t\t\t\t\t\t\t<\/a>\n\t\t\t\t\t<\/div>\n\t\t\t\t\t<\/div>\n\t\t\t\t<\/div>\n\t\t\t\t\t<\/div>\n\t\t<\/div>\n\t\t\t\t\t<\/div>\n\t\t<\/section>\n\t\t\t\t<section class=\"elementor-section elementor-top-section elementor-element elementor-element-01dd708 elementor-section-boxed elementor-section-height-default elementor-section-height-default\" data-id=\"01dd708\" data-element_type=\"section\">\n\t\t\t\t\t\t<div class=\"elementor-container elementor-column-gap-default\">\n\t\t\t\t\t<div class=\"elementor-column elementor-col-100 elementor-top-column elementor-element elementor-element-9a0a032\" data-id=\"9a0a032\" data-element_type=\"column\">\n\t\t\t<div class=\"elementor-widget-wrap elementor-element-populated\">\n\t\t\t\t\t\t<div class=\"elementor-element elementor-element-33fd9f5 elementor-widget elementor-widget-text-editor\" data-id=\"33fd9f5\" data-element_type=\"widget\" data-widget_type=\"text-editor.default\">\n\t\t\t\t<div class=\"elementor-widget-container\">\n\t\t\t\t\t\t\t\t\tTapetes personalizados para entrada da portaria do seu condom\u00ednio feito sob medida,\ndeixando a entrada do bloco do seu condom\u00ednio com tapetes personalizados com o nome ou logomarca.<br><br>\nOs tapetes personalizados emborrachados Tem Tapetes \u00e9 ideal para entrada do seu condom\u00ednio, al\u00e9m de poder personalizar o seu tapete com logomarca ou personalizar com nome voc\u00ea tamb\u00e9m vai ter tapetes que s\u00e3o super aderentes e com perfeita absor\u00e7\u00e3o de sujeiras fazendo com que a entrada do seu condom\u00ednio fique sempre limpa e livre de qualquer sujeira trazida pelos cal\u00e7ados, com isso a economia em produtos de limpeza \u00e9 de at\u00e9 95%.\n\t\t\t\t\t\t\t\t<\/div>\n\t\t\t\t<\/div>\n\t\t\t\t\t<\/div>\n\t\t<\/div>\n\t\t\t\t\t<\/div>\n\t\t<\/section>\n\t\t\t\t<\/div>\n\t\t","protected":false},"excerpt":{"rendered":"<p>TAPETES CONDOM\u00cdNIOS Me Chama Aqui!! Tapetes personalizados para entrada da portaria do seu condom\u00ednio feito sob medida, deixando a entrada do bloco do seu condom\u00ednio com tapetes personalizados com o nome ou logomarca. Os tapetes personalizados emborrachados Tem Tapetes \u00e9 ideal para entrada do seu condom\u00ednio, al\u00e9m de poder personalizar o seu tapete com logomarca [&hellip;]<\/p>\n","protected":false},"author":1,"featured_media":0,"parent":0,"menu_order":0,"comment_status":"closed","ping_status":"closed","template":"","meta":{"footnotes":""},"class_list":["post-477","page","type-page","status-publish","hentry"],"_links":{"self":[{"href":"https:\/\/temtapetes.com.br\/2021\/wp-json\/wp\/v2\/pages\/477","targetHints":{"allow":["GET"]}}],"collection":[{"href":"https:\/\/temtapetes.com.br\/2021\/wp-json\/wp\/v2\/pages"}],"about":[{"href":"https:\/\/temtapetes.com.br\/2021\/wp-json\/wp\/v2\/types\/page"}],"author":[{"embeddable":true,"href":"https:\/\/temtapetes.com.br\/2021\/wp-json\/wp\/v2\/users\/1"}],"replies":[{"embeddable":true,"href":"https:\/\/temtapetes.com.br\/2021\/wp-json\/wp\/v2\/comments?post=477"}],"version-history":[{"count":16,"href":"https:\/\/temtapetes.com.br\/2021\/wp-json\/wp\/v2\/pages\/477\/revisions"}],"predecessor-version":[{"id":1666,"href":"https:\/\/temtapetes.com.br\/2021\/wp-json\/wp\/v2\/pages\/477\/revisions\/1666"}],"wp:attachment":[{"href":"https:\/\/temtapetes.com.br\/2021\/wp-json\/wp\/v2\/media?parent=477"}],"curies":[{"name":"wp","href":"https:\/\/api.w.org\/{rel}","templated":true}]}}