{"id":505,"date":"2021-06-04T13:51:56","date_gmt":"2021-06-04T13:51:56","guid":{"rendered":"https:\/\/temtapetes.com.br\/2021\/?page_id=505"},"modified":"2021-06-18T14:26:58","modified_gmt":"2021-06-18T14:26:58","slug":"tapetes-para-casa","status":"publish","type":"page","link":"https:\/\/temtapetes.com.br\/2021\/tapetes-para-casa\/","title":{"rendered":"Tapetes para Casa"},"content":{"rendered":"\t\t<div data-elementor-type=\"wp-page\" data-elementor-id=\"505\" class=\"elementor elementor-505\">\n\t\t\t\t\t\t<section class=\"elementor-section elementor-top-section elementor-element elementor-element-50548cf elementor-section-boxed elementor-section-height-default elementor-section-height-default\" data-id=\"50548cf\" data-element_type=\"section\">\n\t\t\t\t\t\t<div class=\"elementor-container elementor-column-gap-default\">\n\t\t\t\t\t<div class=\"elementor-column elementor-col-100 elementor-top-column elementor-element elementor-element-e9fd84e\" data-id=\"e9fd84e\" data-element_type=\"column\">\n\t\t\t<div class=\"elementor-widget-wrap elementor-element-populated\">\n\t\t\t\t\t\t<div class=\"elementor-element elementor-element-2975672 elementor-widget elementor-widget-heading\" data-id=\"2975672\" data-element_type=\"widget\" data-widget_type=\"heading.default\">\n\t\t\t\t<div class=\"elementor-widget-container\">\n\t\t\t\t\t<h3 class=\"elementor-heading-title elementor-size-default\">TAPETES PARA CASA<\/h3>\t\t\t\t<\/div>\n\t\t\t\t<\/div>\n\t\t\t\t<div class=\"elementor-element elementor-element-e1adc64 elementor-widget-divider--view-line elementor-widget elementor-widget-divider\" data-id=\"e1adc64\" data-element_type=\"widget\" data-widget_type=\"divider.default\">\n\t\t\t\t<div class=\"elementor-widget-container\">\n\t\t\t\t\t\t\t<div class=\"elementor-divider\">\n\t\t\t<span class=\"elementor-divider-separator\">\n\t\t\t\t\t\t<\/span>\n\t\t<\/div>\n\t\t\t\t\t\t<\/div>\n\t\t\t\t<\/div>\n\t\t\t\t\t<\/div>\n\t\t<\/div>\n\t\t\t\t\t<\/div>\n\t\t<\/section>\n\t\t\t\t<section class=\"elementor-section elementor-top-section elementor-element elementor-element-815a71f elementor-section-full_width elementor-section-height-default elementor-section-height-default\" data-id=\"815a71f\" data-element_type=\"section\" data-settings=\"{&quot;sticky&quot;:&quot;top&quot;,&quot;sticky_on&quot;:[&quot;desktop&quot;,&quot;tablet&quot;,&quot;mobile&quot;],&quot;sticky_offset&quot;:0,&quot;sticky_effects_offset&quot;:0}\">\n\t\t\t\t\t\t<div class=\"elementor-container elementor-column-gap-no\">\n\t\t\t\t\t<div class=\"elementor-column elementor-col-33 elementor-top-column elementor-element elementor-element-8c22279\" data-id=\"8c22279\" data-element_type=\"column\">\n\t\t\t<div class=\"elementor-widget-wrap elementor-element-populated\">\n\t\t\t\t\t\t<div class=\"elementor-element elementor-element-b3505d7 elementor-widget elementor-widget-image\" data-id=\"b3505d7\" data-element_type=\"widget\" data-widget_type=\"image.default\">\n\t\t\t\t<div class=\"elementor-widget-container\">\n\t\t\t\t\t\t\t\t\t\t\t\t\t\t\t\t<a href=\"https:\/\/api.whatsapp.com\/send?phone=+5521968503721\">\n\t\t\t\t\t\t\t<img decoding=\"async\" width=\"102\" height=\"105\" src=\"https:\/\/temtapetes.com.br\/2021\/wp-content\/uploads\/2021\/06\/whatsapp-1.gif\" class=\"attachment-large size-large wp-image-878\" alt=\"\" \/>\t\t\t\t\t\t\t\t<\/a>\n\t\t\t\t\t\t\t\t\t\t\t\t\t\t\t<\/div>\n\t\t\t\t<\/div>\n\t\t\t\t\t<\/div>\n\t\t<\/div>\n\t\t\t\t<div class=\"elementor-column elementor-col-33 elementor-top-column elementor-element elementor-element-5d8044c\" data-id=\"5d8044c\" data-element_type=\"column\">\n\t\t\t<div class=\"elementor-widget-wrap elementor-element-populated\">\n\t\t\t\t\t\t<div class=\"elementor-element elementor-element-03c5fbd elementor-align-left elementor-widget elementor-widget-button\" data-id=\"03c5fbd\" data-element_type=\"widget\" data-widget_type=\"button.default\">\n\t\t\t\t<div class=\"elementor-widget-container\">\n\t\t\t\t\t\t\t\t\t<div class=\"elementor-button-wrapper\">\n\t\t\t\t\t<a class=\"elementor-button elementor-button-link elementor-size-sm\" href=\"https:\/\/api.whatsapp.com\/send?phone=+5521968503721\">\n\t\t\t\t\t\t<span class=\"elementor-button-content-wrapper\">\n\t\t\t\t\t\t\t\t\t<span class=\"elementor-button-text\">Me Chama Aqui!!<\/span>\n\t\t\t\t\t<\/span>\n\t\t\t\t\t<\/a>\n\t\t\t\t<\/div>\n\t\t\t\t\t\t\t\t<\/div>\n\t\t\t\t<\/div>\n\t\t\t\t\t<\/div>\n\t\t<\/div>\n\t\t\t\t<div class=\"elementor-column elementor-col-33 elementor-top-column elementor-element elementor-element-136d549\" data-id=\"136d549\" data-element_type=\"column\">\n\t\t\t<div class=\"elementor-widget-wrap\">\n\t\t\t\t\t\t\t<\/div>\n\t\t<\/div>\n\t\t\t\t\t<\/div>\n\t\t<\/section>\n\t\t\t\t<section class=\"elementor-section elementor-top-section elementor-element elementor-element-ae92091 elementor-section-boxed elementor-section-height-default elementor-section-height-default\" data-id=\"ae92091\" data-element_type=\"section\">\n\t\t\t\t\t\t<div class=\"elementor-container elementor-column-gap-default\">\n\t\t\t\t\t<div class=\"elementor-column elementor-col-100 elementor-top-column elementor-element elementor-element-4d87124\" data-id=\"4d87124\" data-element_type=\"column\">\n\t\t\t<div class=\"elementor-widget-wrap elementor-element-populated\">\n\t\t\t\t\t\t<div class=\"elementor-element elementor-element-56d1cb6 elementor-widget elementor-widget-gallery\" data-id=\"56d1cb6\" data-element_type=\"widget\" data-settings=\"{&quot;background_overlay_hover_animation&quot;:&quot;enter-from-right&quot;,&quot;lazyload&quot;:&quot;yes&quot;,&quot;gallery_layout&quot;:&quot;grid&quot;,&quot;columns&quot;:4,&quot;columns_tablet&quot;:2,&quot;columns_mobile&quot;:1,&quot;gap&quot;:{&quot;unit&quot;:&quot;px&quot;,&quot;size&quot;:10,&quot;sizes&quot;:[]},&quot;gap_tablet&quot;:{&quot;unit&quot;:&quot;px&quot;,&quot;size&quot;:10,&quot;sizes&quot;:[]},&quot;gap_mobile&quot;:{&quot;unit&quot;:&quot;px&quot;,&quot;size&quot;:10,&quot;sizes&quot;:[]},&quot;link_to&quot;:&quot;file&quot;,&quot;aspect_ratio&quot;:&quot;3:2&quot;,&quot;overlay_background&quot;:&quot;yes&quot;,&quot;content_hover_animation&quot;:&quot;fade-in&quot;}\" data-widget_type=\"gallery.default\">\n\t\t\t\t<div class=\"elementor-widget-container\">\n\t\t\t\t\t\t\t<div class=\"elementor-gallery__container\">\n\t\t\t\t\t\t\t<a class=\"e-gallery-item elementor-gallery-item elementor-animated-content\" href=\"https:\/\/temtapetes.com.br\/2021\/wp-content\/uploads\/2021\/06\/tapete-para-casa-1.png\" data-elementor-open-lightbox=\"yes\" data-elementor-lightbox-slideshow=\"all-56d1cb6\" data-elementor-lightbox-title=\"tapete para casa 1\" data-e-action-hash=\"#elementor-action%3Aaction%3Dlightbox%26settings%3DeyJpZCI6MTM4OCwidXJsIjoiaHR0cHM6XC9cL3RlbXRhcGV0ZXMuY29tLmJyXC8yMDIxXC93cC1jb250ZW50XC91cGxvYWRzXC8yMDIxXC8wNlwvdGFwZXRlLXBhcmEtY2FzYS0xLnBuZyIsInNsaWRlc2hvdyI6ImFsbC01NmQxY2I2In0%3D\">\n\t\t\t\t\t<div class=\"e-gallery-image elementor-gallery-item__image\" data-thumbnail=\"https:\/\/temtapetes.com.br\/2021\/wp-content\/uploads\/2021\/06\/tapete-para-casa-1-300x200.png\" data-width=\"300\" data-height=\"200\" alt=\"\" ><\/div>\n\t\t\t\t\t\t\t\t\t\t<div class=\"elementor-gallery-item__overlay\"><\/div>\n\t\t\t\t\t\t\t\t\t\t\t\t\t\t<\/a>\n\t\t\t\t\t<\/div>\n\t\t\t\t\t<\/div>\n\t\t\t\t<\/div>\n\t\t\t\t\t<\/div>\n\t\t<\/div>\n\t\t\t\t\t<\/div>\n\t\t<\/section>\n\t\t\t\t<section class=\"elementor-section elementor-top-section elementor-element elementor-element-64225cd elementor-section-boxed elementor-section-height-default elementor-section-height-default\" data-id=\"64225cd\" data-element_type=\"section\">\n\t\t\t\t\t\t<div class=\"elementor-container elementor-column-gap-default\">\n\t\t\t\t\t<div class=\"elementor-column elementor-col-100 elementor-top-column elementor-element elementor-element-bfefc89\" data-id=\"bfefc89\" data-element_type=\"column\">\n\t\t\t<div class=\"elementor-widget-wrap elementor-element-populated\">\n\t\t\t\t\t\t<div class=\"elementor-element elementor-element-334665d elementor-widget elementor-widget-text-editor\" data-id=\"334665d\" data-element_type=\"widget\" data-widget_type=\"text-editor.default\">\n\t\t\t\t<div class=\"elementor-widget-container\">\n\t\t\t\t\t\t\t\t\tSua casa merece um tapete personalizado do seu jeito.<br><br>\nTapetes seja bem vindo ou com a sua frase favorita para porta da sua casa.<br><br>\nTapetes para \u00e1rea gourmet ou tapetes personalizados para \u00e1rea externa.<br><br>\nFa\u00e7a tapetes para sua casa do seu jeito.\t\t\t\t\t\t\t\t<\/div>\n\t\t\t\t<\/div>\n\t\t\t\t\t<\/div>\n\t\t<\/div>\n\t\t\t\t\t<\/div>\n\t\t<\/section>\n\t\t\t\t<\/div>\n\t\t","protected":false},"excerpt":{"rendered":"<p>TAPETES PARA CASA Me Chama Aqui!! Sua casa merece um tapete personalizado do seu jeito. Tapetes seja bem vindo ou com a sua frase favorita para porta da sua casa. Tapetes para \u00e1rea gourmet ou tapetes personalizados para \u00e1rea externa. Fa\u00e7a tapetes para sua casa do seu jeito.<\/p>\n","protected":false},"author":1,"featured_media":0,"parent":0,"menu_order":0,"comment_status":"closed","ping_status":"closed","template":"","meta":{"footnotes":""},"class_list":["post-505","page","type-page","status-publish","hentry"],"_links":{"self":[{"href":"https:\/\/temtapetes.com.br\/2021\/wp-json\/wp\/v2\/pages\/505","targetHints":{"allow":["GET"]}}],"collection":[{"href":"https:\/\/temtapetes.com.br\/2021\/wp-json\/wp\/v2\/pages"}],"about":[{"href":"https:\/\/temtapetes.com.br\/2021\/wp-json\/wp\/v2\/types\/page"}],"author":[{"embeddable":true,"href":"https:\/\/temtapetes.com.br\/2021\/wp-json\/wp\/v2\/users\/1"}],"replies":[{"embeddable":true,"href":"https:\/\/temtapetes.com.br\/2021\/wp-json\/wp\/v2\/comments?post=505"}],"version-history":[{"count":10,"href":"https:\/\/temtapetes.com.br\/2021\/wp-json\/wp\/v2\/pages\/505\/revisions"}],"predecessor-version":[{"id":1693,"href":"https:\/\/temtapetes.com.br\/2021\/wp-json\/wp\/v2\/pages\/505\/revisions\/1693"}],"wp:attachment":[{"href":"https:\/\/temtapetes.com.br\/2021\/wp-json\/wp\/v2\/media?parent=505"}],"curies":[{"name":"wp","href":"https:\/\/api.w.org\/{rel}","templated":true}]}}